{"id":1295,"date":"2016-06-09T08:39:26","date_gmt":"2016-06-09T08:39:26","guid":{"rendered":"http:\/\/moments.select-themes.com\/?page_id=1295"},"modified":"2024-10-26T19:43:46","modified_gmt":"2024-10-26T19:43:46","slug":"kontakt","status":"publish","type":"page","link":"https:\/\/slovarica.hr\/index.php\/kontakt\/","title":{"rendered":"Kontakt"},"content":{"rendered":"<p>[vc_row content_width=&#8221;grid&#8221; content_aligment=&#8221;center&#8221; css=&#8221;.vc_custom_1611949563465{padding-top: 90px !important;padding-bottom: 30px !important;}&#8221;][vc_column][vc_column_text]<\/p>\n<h2 style=\"text-align: center;\">Na\u0161 ured i kontakti<\/h2>\n<p>[\/vc_column_text][vc_column_text]<\/p>\n<p style=\"text-align: center;\">Obratite nam se sa Va\u0161im specifi\u010dnim idejama i potrebama \u2013 voljeli bismo vam pomo\u0107i.<\/p>\n<p>[\/vc_column_text][vc_column_text css=&#8221;.vc_custom_1611948599961{padding-top: 20px !important;}&#8221;]<\/p>\n<p style=\"text-align: center;\"><div id=\"wpgmza_map\" class=\"wpgmza_map\" data-settings='{\"id\":\"1\",\"map_title\":\"New Map\",\"map_width\":\"100\",\"map_height\":\"300\",\"map_start_lat\":\"43.513788006395345\",\"map_start_lng\":\"16.466140952126015\",\"map_start_location\":\"45.950464398418106,-109.81550500000003\",\"map_start_zoom\":\"13\",\"default_marker\":\"\",\"type\":\"0\",\"alignment\":\"4\",\"directions_enabled\":\"0\",\"styling_enabled\":\"0\",\"styling_json\":\"\",\"active\":\"0\",\"kml\":\"\",\"bicycle\":\"0\",\"traffic\":\"0\",\"dbox\":\"0\",\"dbox_width\":\"\",\"listmarkers\":\"0\",\"listmarkers_advanced\":\"0\",\"filterbycat\":\"0\",\"ugm_enabled\":\"0\",\"ugm_category_enabled\":\"0\",\"fusion\":\"\",\"map_width_type\":\"%\",\"map_height_type\":\"px\",\"mass_marker_support\":\"0\",\"ugm_access\":\"0\",\"order_markers_by\":\"0\",\"order_markers_choice\":\"0\",\"show_user_location\":\"0\",\"default_to\":\"\",\"other_settings\":{\"map_type\":1,\"sl_stroke_color\":\"\",\"sl_fill_color\":\"\",\"sl_stroke_opacity\":\"\",\"sl_fill_opacity\":\"\",\"transport_layer\":false,\"action\":\"wpgmza_save_map\",\"redirect_to\":\"\\\/wp-admin\\\/admin-post.php\",\"map_id\":\"1\",\"http_referer\":\"\\\/wp-admin\\\/admin.php?page=wp-google-maps-menu&amp;action=edit&amp;map_id=1\",\"wpgmza_id\":\"1\",\"wpgmza_start_location\":\"43.513788006395345,16.466140952126015\",\"wpgmza_start_zoom\":\"15\",\"store_locator_enabled\":false,\"store_locator_search_area\":\"radial\",\"wpgmza_store_locator_radius_style\":\"modern\",\"wpgmza_store_locator_default_radius\":\"10\",\"store_locator_auto_area_max_zoom\":\"\",\"store_locator_distance\":false,\"wpgmza_store_locator_position\":false,\"store_locator_category\":false,\"wpgmza_store_locator_use_their_location\":false,\"wpgmza_store_locator_bounce\":false,\"wpgmza_sl_animation\":null,\"wpgmza_store_locator_hide_before_search\":false,\"store_locator_query_string\":\"\",\"store_locator_default_address\":\"\",\"store_locator_name_search\":false,\"store_locator_name_string\":\"\",\"store_locator_not_found_message\":\"\",\"wpgmza_map_align\":\"2\",\"jump_to_nearest_marker_on_initialization\":false,\"automatically_pan_to_users_location\":false,\"override_users_location_zoom_level\":false,\"override_users_location_zoom_levels\":\"\",\"show_distance_from_location\":false,\"map_max_zoom\":\"21\",\"map_min_zoom\":\"0\",\"click_open_link\":false,\"fit_maps_bounds_to_markers\":false,\"fit_maps_bounds_to_markers_after_filtering\":false,\"hide_point_of_interest\":false,\"wpgmza_zoom_on_marker_click\":false,\"wpgmza_zoom_on_marker_click_slider\":\"\",\"close_infowindow_on_map_click\":false,\"disable_lightbox_images\":false,\"use_Raw_Jpeg_Coordinates\":false,\"polygon_labels\":false,\"enable_marker_ratings\":false,\"only_load_markers_within_viewport\":false,\"iw_primary_color\":\"\",\"iw_accent_color\":\"\",\"iw_text_color\":\"\",\"wpgmza_listmarkers_by\":\"0\",\"wpgmza_marker_listing_position\":false,\"datatable_no_result_message\":\"\",\"remove_search_box_datables\":false,\"dataTable_pagination_style\":null,\"datatable_search_string\":\"\",\"datatable_result_start\":\"\",\"datatable_result_of\":\"\",\"datatable_result_to\":\"\",\"datatable_result_total\":\"\",\"datatable_result_show\":\"\",\"datatable_result_entries\":\"\",\"wpgmza_savemap\":\"Save Map \\u00bb\",\"store_locator_show_distance\":false,\"disable_polygon_info_windows\":false}}' data-map-id='1' Data-maps-engine='open-layers' data-shortcode-attributes='{\"id\":\"1\"}' style=\"display:block; overflow:auto; width:100%; height:300px; margin-left:auto !important; margin-right:auto; !important; align:center;\"><\/div>\n<p>[\/vc_column_text][\/vc_column][\/vc_row][vc_row content_width=&#8221;grid&#8221; content_aligment=&#8221;center&#8221; css=&#8221;.vc_custom_1611949536223{padding-top: 30px !important;padding-bottom: 30px !important;}&#8221;][vc_column][vc_column_text]<\/p>\n<h2>Slobodno nas kontaktirajte !<\/h2>\n<p>[\/vc_column_text][\/vc_column][\/vc_row][vc_row content_width=&#8221;grid&#8221; css=&#8221;.vc_custom_1611947158156{padding-bottom: 90px !important;}&#8221;][vc_column offset=&#8221;vc_col-lg-7 vc_col-md-12&#8243;][vc_column_text]\n<div class=\"wpcf7 no-js\" id=\"wpcf7-f6-o1\" lang=\"en-US\" dir=\"ltr\">\n<div class=\"screen-reader-response\"><p role=\"status\" aria-live=\"polite\" aria-atomic=\"true\"><\/p> <ul><\/ul><\/div>\n<form action=\"\/index.php\/wp-json\/wp\/v2\/pages\/1295#wpcf7-f6-o1\" method=\"post\" class=\"wpcf7-form init\" aria-label=\"Contact form\" novalidate=\"novalidate\" data-status=\"init\">\n<div style=\"display: none;\">\n<input type=\"hidden\" name=\"_wpcf7\" value=\"6\" \/>\n<input type=\"hidden\" name=\"_wpcf7_version\" value=\"5.8.5\" \/>\n<input type=\"hidden\" name=\"_wpcf7_locale\" value=\"en_US\" \/>\n<input type=\"hidden\" name=\"_wpcf7_unit_tag\" value=\"wpcf7-f6-o1\" \/>\n<input type=\"hidden\" name=\"_wpcf7_container_post\" value=\"0\" \/>\n<input type=\"hidden\" name=\"_wpcf7_posted_data_hash\" value=\"\" \/>\n<\/div>\n<p><label> Ime<br \/>\n<span class=\"wpcf7-form-control-wrap\" data-name=\"your-name\"><input size=\"40\" class=\"wpcf7-form-control wpcf7-text wpcf7-validates-as-required\" aria-required=\"true\" aria-invalid=\"false\" value=\"\" type=\"text\" name=\"your-name\" \/><\/span> <\/label>\n<\/p>\n<p><label> Email<br \/>\n<span class=\"wpcf7-form-control-wrap\" data-name=\"your-email\"><input size=\"40\" class=\"wpcf7-form-control wpcf7-email wpcf7-validates-as-required wpcf7-text wpcf7-validates-as-email\" aria-required=\"true\" aria-invalid=\"false\" value=\"\" type=\"email\" name=\"your-email\" \/><\/span> <\/label>\n<\/p>\n<p><label> Naslov<br \/>\n<span class=\"wpcf7-form-control-wrap\" data-name=\"your-subject\"><input size=\"40\" class=\"wpcf7-form-control wpcf7-text wpcf7-validates-as-required\" aria-required=\"true\" aria-invalid=\"false\" value=\"\" type=\"text\" name=\"your-subject\" \/><\/span> <\/label>\n<\/p>\n<p><label> Va\u0161a poruka<br \/>\n<span class=\"wpcf7-form-control-wrap\" data-name=\"your-message\"><textarea cols=\"40\" rows=\"10\" class=\"wpcf7-form-control wpcf7-textarea\" aria-invalid=\"false\" name=\"your-message\"><\/textarea><\/span> <\/label>\n<\/p>\n<p><input class=\"wpcf7-form-control wpcf7-submit has-spinner\" type=\"submit\" value=\"Po\u0161alji\" \/>\n<\/p><div class=\"wpcf7-response-output\" aria-hidden=\"true\"><\/div>\n<\/form>\n<\/div>\n[\/vc_column_text][\/vc_column][vc_column offset=&#8221;vc_col-lg-5 vc_col-md-12&#8243;][vc_column_text]<\/p>\n<h5>Trebate dodatne informacije?\u00a0 Kontaktirajte nas.<\/h5>\n<p>[\/vc_column_text][vc_column_text]Molimo da ispunite navedeni formular i po\u0161aljete nam upit, ili nas direktno kontaktirajte na mobitel ili email. Na Va\u0161 upit odgovorit \u0107emo Vam u najkra\u0107em mogu\u0107em roku. Hvala.[\/vc_column_text][vc_empty_space height=&#8221;40px&#8221;]<a itemprop=\"url\" href=\"tel:+385992070352\" target=\"_self\" style=\"color: #ffffff;background-color: #949494;border-color: #949494\" class=\"qodef-btn qodef-btn-medium qodef-btn-solid qodef-btn-custom-hover-bg qodef-btn-custom-border-hover qodef-btn-custom-hover-color qodef-btn-icon\" data-hover-bg-color=\"#ffffff\" data-hover-color=\"#333333\" data-hover-border-color=\"#ffffff\" >\n    <span class=\"qodef-btn-text\">+385 99 2070352<\/span>\n    <i class=\"qodef-icon-font-awesome fa fa-headphones \" ><\/i><\/a>[vc_empty_space height=&#8221;40px&#8221;]<a itemprop=\"url\" href=\"mailto:info@slovarica.hr\" target=\"_blank\" style=\"color: #ffffff;background-color: #949494;border-color: #949494\" class=\"qodef-btn qodef-btn-medium qodef-btn-solid qodef-btn-custom-hover-bg qodef-btn-custom-border-hover qodef-btn-custom-hover-color qodef-btn-icon\" data-hover-bg-color=\"#ffffff\" data-hover-color=\"#333333\" data-hover-border-color=\"#ffffff\" >\n    <span class=\"qodef-btn-text\">info@slovarica.hr<\/span>\n    <i class=\"qodef-icon-font-awesome fa fa-inbox \" ><\/i><\/a>[vc_empty_space height=&#8221;40px&#8221;][\/vc_column][\/vc_row]<\/p>\n","protected":false},"excerpt":{"rendered":"<p>[vc_row content_width=&#8221;grid&#8221; content_aligment=&#8221;center&#8221; css=&#8221;.vc_custom_1611949563465{padding-top: 90px !important;padding-bottom: 30px !important;}&#8221;][vc_column][vc_column_text] Na\u0161 ured i kontakti [\/vc_column_text][vc_column_text] Obratite nam se sa Va\u0161im specifi\u010dnim idejama i potrebama \u2013 voljeli bismo vam pomo\u0107i. [\/vc_column_text][vc_column_text css=&#8221;.vc_custom_1611948599961{padding-top: 20px !important;}&#8221;] [\/vc_column_text][\/vc_column][\/vc_row][vc_row content_width=&#8221;grid&#8221; content_aligment=&#8221;center&#8221; css=&#8221;.vc_custom_1611949536223{padding-top: 30px !important;padding-bottom: 30px !important;}&#8221;][vc_column][vc_column_text] Slobodno nas kontaktirajte ! [\/vc_column_text][\/vc_column][\/vc_row][vc_row content_width=&#8221;grid&#8221; css=&#8221;.vc_custom_1611947158156{padding-bottom: 90px !important;}&#8221;][vc_column offset=&#8221;vc_col-lg-7 vc_col-md-12&#8243;][vc_column_text][\/vc_column_text][\/vc_column][vc_column offset=&#8221;vc_col-lg-5 vc_col-md-12&#8243;][vc_column_text] Trebate dodatne informacije?\u00a0 Kontaktirajte nas. [\/vc_column_text][vc_column_text]Molimo da ispunite navedeni formular i po\u0161aljete nam upit, ili nas direktno kontaktirajte na mobitel ili email. Na Va\u0161 upit odgovorit \u0107emo Vam u najkra\u0107em mogu\u0107em roku. Hvala.[\/vc_column_text][vc_empty_space height=&#8221;40px&#8221;][vc_empty_space height=&#8221;40px&#8221;][vc_empty_space height=&#8221;40px&#8221;][\/vc_column][\/vc_row]<\/p>\n","protected":false},"author":1,"featured_media":0,"parent":0,"menu_order":0,"comment_status":"closed","ping_status":"closed","template":"full-width.php","meta":{"_joinchat":[],"footnotes":""},"class_list":["post-1295","page","type-page","status-publish","hentry"],"yoast_head":"<!-- This site is optimized with the Yoast SEO plugin v21.7 - https:\/\/yoast.com\/wordpress\/plugins\/seo\/ -->\n<title>Kontakt ~ Slovarica<\/title>\n<meta name=\"description\" content=\"Trebate dodatne informacije? Kontaktirajte nas. Obratite nam se sa Va\u0161im specifi\u010dnim idejama i potrebama\" \/>\n<meta name=\"robots\" content=\"index, follow, max-snippet:-1, max-image-preview:large, max-video-preview:-1\" \/>\n<link rel=\"canonical\" href=\"https:\/\/slovarica.hr\/index.php\/kontakt\/\" \/>\n<meta property=\"og:locale\" content=\"en_US\" \/>\n<meta property=\"og:type\" content=\"article\" \/>\n<meta property=\"og:title\" content=\"Kontakt ~ Slovarica\" \/>\n<meta property=\"og:description\" content=\"Trebate dodatne informacije? Kontaktirajte nas. Obratite nam se sa Va\u0161im specifi\u010dnim idejama i potrebama\" \/>\n<meta property=\"og:url\" content=\"https:\/\/slovarica.hr\/index.php\/kontakt\/\" \/>\n<meta property=\"og:site_name\" content=\"Slovarica\" \/>\n<meta property=\"article:publisher\" content=\"https:\/\/www.facebook.com\/SLOVArica-113001533949358\" \/>\n<meta property=\"article:modified_time\" content=\"2024-10-26T19:43:46+00:00\" \/>\n<meta name=\"twitter:card\" content=\"summary_large_image\" \/>\n<meta name=\"twitter:label1\" content=\"Est. reading time\" \/>\n\t<meta name=\"twitter:data1\" content=\"1 minute\" \/>\n<script type=\"application\/ld+json\" class=\"yoast-schema-graph\">{\"@context\":\"https:\/\/schema.org\",\"@graph\":[{\"@type\":\"WebPage\",\"@id\":\"https:\/\/slovarica.hr\/index.php\/kontakt\/\",\"url\":\"https:\/\/slovarica.hr\/index.php\/kontakt\/\",\"name\":\"Kontakt ~ Slovarica\",\"isPartOf\":{\"@id\":\"https:\/\/slovarica.hr\/#website\"},\"datePublished\":\"2016-06-09T08:39:26+00:00\",\"dateModified\":\"2024-10-26T19:43:46+00:00\",\"description\":\"Trebate dodatne informacije? Kontaktirajte nas. Obratite nam se sa Va\u0161im specifi\u010dnim idejama i potrebama\",\"breadcrumb\":{\"@id\":\"https:\/\/slovarica.hr\/index.php\/kontakt\/#breadcrumb\"},\"inLanguage\":\"en-US\",\"potentialAction\":[{\"@type\":\"ReadAction\",\"target\":[\"https:\/\/slovarica.hr\/index.php\/kontakt\/\"]}]},{\"@type\":\"BreadcrumbList\",\"@id\":\"https:\/\/slovarica.hr\/index.php\/kontakt\/#breadcrumb\",\"itemListElement\":[{\"@type\":\"ListItem\",\"position\":1,\"name\":\"Home\",\"item\":\"https:\/\/slovarica.hr\/\"},{\"@type\":\"ListItem\",\"position\":2,\"name\":\"Kontakt\"}]},{\"@type\":\"WebSite\",\"@id\":\"https:\/\/slovarica.hr\/#website\",\"url\":\"https:\/\/slovarica.hr\/\",\"name\":\"Slovarica\",\"description\":\"Slovarica\",\"publisher\":{\"@id\":\"https:\/\/slovarica.hr\/#organization\"},\"potentialAction\":[{\"@type\":\"SearchAction\",\"target\":{\"@type\":\"EntryPoint\",\"urlTemplate\":\"https:\/\/slovarica.hr\/?s={search_term_string}\"},\"query-input\":\"required name=search_term_string\"}],\"inLanguage\":\"en-US\"},{\"@type\":\"Organization\",\"@id\":\"https:\/\/slovarica.hr\/#organization\",\"name\":\"SLOVArica\",\"url\":\"https:\/\/slovarica.hr\/\",\"logo\":{\"@type\":\"ImageObject\",\"inLanguage\":\"en-US\",\"@id\":\"https:\/\/slovarica.hr\/#\/schema\/logo\/image\/\",\"url\":\"https:\/\/slovarica.hr\/wp-content\/uploads\/2020\/12\/slovarica-prozirni1.png\",\"contentUrl\":\"https:\/\/slovarica.hr\/wp-content\/uploads\/2020\/12\/slovarica-prozirni1.png\",\"width\":328,\"height\":41,\"caption\":\"SLOVArica\"},\"image\":{\"@id\":\"https:\/\/slovarica.hr\/#\/schema\/logo\/image\/\"},\"sameAs\":[\"https:\/\/www.facebook.com\/SLOVArica-113001533949358\",\"https:\/\/www.instagram.com\/slova.rica\/?hl=en\"]}]}<\/script>\n<!-- \/ Yoast SEO plugin. -->","yoast_head_json":{"title":"Kontakt ~ Slovarica","description":"Trebate dodatne informacije? Kontaktirajte nas. Obratite nam se sa Va\u0161im specifi\u010dnim idejama i potrebama","robots":{"index":"index","follow":"follow","max-snippet":"max-snippet:-1","max-image-preview":"max-image-preview:large","max-video-preview":"max-video-preview:-1"},"canonical":"https:\/\/slovarica.hr\/index.php\/kontakt\/","og_locale":"en_US","og_type":"article","og_title":"Kontakt ~ Slovarica","og_description":"Trebate dodatne informacije? Kontaktirajte nas. Obratite nam se sa Va\u0161im specifi\u010dnim idejama i potrebama","og_url":"https:\/\/slovarica.hr\/index.php\/kontakt\/","og_site_name":"Slovarica","article_publisher":"https:\/\/www.facebook.com\/SLOVArica-113001533949358","article_modified_time":"2024-10-26T19:43:46+00:00","twitter_card":"summary_large_image","twitter_misc":{"Est. reading time":"1 minute"},"schema":{"@context":"https:\/\/schema.org","@graph":[{"@type":"WebPage","@id":"https:\/\/slovarica.hr\/index.php\/kontakt\/","url":"https:\/\/slovarica.hr\/index.php\/kontakt\/","name":"Kontakt ~ Slovarica","isPartOf":{"@id":"https:\/\/slovarica.hr\/#website"},"datePublished":"2016-06-09T08:39:26+00:00","dateModified":"2024-10-26T19:43:46+00:00","description":"Trebate dodatne informacije? Kontaktirajte nas. Obratite nam se sa Va\u0161im specifi\u010dnim idejama i potrebama","breadcrumb":{"@id":"https:\/\/slovarica.hr\/index.php\/kontakt\/#breadcrumb"},"inLanguage":"en-US","potentialAction":[{"@type":"ReadAction","target":["https:\/\/slovarica.hr\/index.php\/kontakt\/"]}]},{"@type":"BreadcrumbList","@id":"https:\/\/slovarica.hr\/index.php\/kontakt\/#breadcrumb","itemListElement":[{"@type":"ListItem","position":1,"name":"Home","item":"https:\/\/slovarica.hr\/"},{"@type":"ListItem","position":2,"name":"Kontakt"}]},{"@type":"WebSite","@id":"https:\/\/slovarica.hr\/#website","url":"https:\/\/slovarica.hr\/","name":"Slovarica","description":"Slovarica","publisher":{"@id":"https:\/\/slovarica.hr\/#organization"},"potentialAction":[{"@type":"SearchAction","target":{"@type":"EntryPoint","urlTemplate":"https:\/\/slovarica.hr\/?s={search_term_string}"},"query-input":"required name=search_term_string"}],"inLanguage":"en-US"},{"@type":"Organization","@id":"https:\/\/slovarica.hr\/#organization","name":"SLOVArica","url":"https:\/\/slovarica.hr\/","logo":{"@type":"ImageObject","inLanguage":"en-US","@id":"https:\/\/slovarica.hr\/#\/schema\/logo\/image\/","url":"https:\/\/slovarica.hr\/wp-content\/uploads\/2020\/12\/slovarica-prozirni1.png","contentUrl":"https:\/\/slovarica.hr\/wp-content\/uploads\/2020\/12\/slovarica-prozirni1.png","width":328,"height":41,"caption":"SLOVArica"},"image":{"@id":"https:\/\/slovarica.hr\/#\/schema\/logo\/image\/"},"sameAs":["https:\/\/www.facebook.com\/SLOVArica-113001533949358","https:\/\/www.instagram.com\/slova.rica\/?hl=en"]}]}},"_links":{"self":[{"href":"https:\/\/slovarica.hr\/index.php\/wp-json\/wp\/v2\/pages\/1295","targetHints":{"allow":["GET"]}}],"collection":[{"href":"https:\/\/slovarica.hr\/index.php\/wp-json\/wp\/v2\/pages"}],"about":[{"href":"https:\/\/slovarica.hr\/index.php\/wp-json\/wp\/v2\/types\/page"}],"author":[{"embeddable":true,"href":"https:\/\/slovarica.hr\/index.php\/wp-json\/wp\/v2\/users\/1"}],"replies":[{"embeddable":true,"href":"https:\/\/slovarica.hr\/index.php\/wp-json\/wp\/v2\/comments?post=1295"}],"version-history":[{"count":0,"href":"https:\/\/slovarica.hr\/index.php\/wp-json\/wp\/v2\/pages\/1295\/revisions"}],"wp:attachment":[{"href":"https:\/\/slovarica.hr\/index.php\/wp-json\/wp\/v2\/media?parent=1295"}],"curies":[{"name":"wp","href":"https:\/\/api.w.org\/{rel}","templated":true}]}}